{"id":724,"date":"2020-11-25T16:35:03","date_gmt":"2020-11-25T16:35:03","guid":{"rendered":"https:\/\/outcrop.pt\/pt\/?page_id=724"},"modified":"2023-02-07T13:43:40","modified_gmt":"2023-02-07T13:43:40","slug":"politicadeprivacidade","status":"publish","type":"page","link":"https:\/\/outcrop.pt\/pt\/politicadeprivacidade\/","title":{"rendered":"Pol\u00edtica de Privacidade"},"content":{"rendered":"\t\t<div data-elementor-type=\"wp-page\" data-elementor-id=\"724\" class=\"elementor elementor-724\">\n\t\t\t\t\t\t<section class=\"elementor-section elementor-top-section elementor-element elementor-element-16679c67 elementor-section-stretched elementor-section-boxed elementor-section-height-default elementor-section-height-default\" data-id=\"16679c67\" data-element_type=\"section\" data-settings=\"{&quot;stretch_section&quot;:&quot;section-stretched&quot;}\">\n\t\t\t\t\t\t<div class=\"elementor-container elementor-column-gap-default\">\n\t\t\t\t\t<div class=\"elementor-column elementor-col-100 elementor-top-column elementor-element elementor-element-30f6163d\" data-id=\"30f6163d\" data-element_type=\"column\">\n\t\t\t<div class=\"elementor-widget-wrap elementor-element-populated\">\n\t\t\t\t\t\t<div class=\"elementor-element elementor-element-2fbe0965 elementor-widget elementor-widget-text-editor\" data-id=\"2fbe0965\" data-element_type=\"widget\" data-widget_type=\"text-editor.default\">\n\t\t\t\t<div class=\"elementor-widget-container\">\n\t\t\t\t\t\t\t\t\t<h2><strong>Pol\u00edtica de privacidade<\/strong><\/h2>\n<p>Na&nbsp;<strong>Outcrop\u00ae<\/strong>, temos uma importante responsabilidade e compromisso no que respeita \u00e0 seguran\u00e7a do nosso site e \u00e0 prote\u00e7\u00e3o dos dados dos nossos clientes e visitantes. Qualquer altera\u00e7\u00e3o a esta pol\u00edtica ser\u00e1 disponibilizada aqui, nesta declara\u00e7\u00e3o.<\/p>\n<p><\/p>\n<h2><strong>Informa\u00e7\u00e3o recolhida<\/strong><\/h2>\n<p><strong>Quando preenche o nosso formul\u00e1rio de contacto<\/strong>, recolhemos o nome, endere\u00e7o de email e a informa\u00e7\u00e3o da mensagem, que n\u00e3o fica armazenada em nenhum tipo de base de dados, processando-se apenas como um email normal.<\/p>\n<p><strong>Quando se inscreve numa das nossas atividades<\/strong>, ao efetuar a inscri\u00e7\u00e3o o utilizador aceita e cede os seus dados para os efeitos abaixo indicados, ficando armazenados na nossa base de dados:<\/p>\n<ul>\n<li>Ativa\u00e7\u00e3o dos seguros obrigat\u00f3rios (acidentes pessoais e responsabilidade civil);<\/li>\n<li>Contacto direto em situa\u00e7\u00f5es de confirma\u00e7\u00e3o de reservas e cancelamento de eventos;<\/li>\n<li>Contacto telef\u00f3nico urgente no decorrer das atividades;<\/li>\n<li>Emiss\u00e3o de fatura \/ recibo eletr\u00f3nico.<\/li>\n<\/ul>\n<p>Podemos tamb\u00e9m recolher outras informa\u00e7\u00f5es sobre a experi\u00eancia do utilizador no nosso site que contribuem para a melhoria do nosso servi\u00e7o.<\/p>\n<p><\/p>\n<h2><strong>O que s\u00e3o e qual a utilidade das cookies<\/strong><\/h2>\n<p>Uma cookie \u00e9 um pequeno ficheiro enviado para o computador do cliente que fica guardado no seu disco. As cookies s\u00e3o tamb\u00e9m utilizadas para que o nosso sistema consiga seguir os passos do utilizador na navega\u00e7\u00e3o do nosso site. Se o utilizador n\u00e3o aceitar a utiliza\u00e7\u00e3o de cookies, n\u00e3o&nbsp;<span style=\"color: var( --e-global-color-0f15412 ); font-family: var( --e-global-typography-secondary-font-family ), Raleway; font-size: var( --e-global-typography-secondary-font-size ); font-weight: var( --e-global-typography-secondary-font-weight );\">conseguir\u00e1 utilizar este site.<\/span><\/p>\n<p><span style=\"color: var( --e-global-color-0f15412 ); font-family: var( --e-global-typography-secondary-font-family ), Raleway; font-size: var( --e-global-typography-secondary-font-size ); font-weight: var( --e-global-typography-secondary-font-weight );\">&nbsp;<\/span><\/p>\n<h2><strong>Seguran\u00e7a<\/strong><\/h2>\n<p>A <strong>Outcrop\u00ae<\/strong>&nbsp;compromete-se a proteger os dados do cliente e estes nunca ser\u00e3o disponibilizados a terceiros.<\/p>\n<p>A&nbsp;<strong>Outcrop\u00ae<\/strong> utiliza um certificado de servidor, tamb\u00e9m conhecido por certificado digital, que assegura a nossa identidade, assim como uma encripta\u00e7\u00e3o SSL dos dados transmitidos, para garantir a seguran\u00e7a dos dados inseridos pelos utilizadores, no site.<\/p>\n<p><\/p>\n<h2><strong>Informa\u00e7\u00e3o e altera\u00e7\u00e3o de dados<\/strong><\/h2>\n<p>Se o utilizador n\u00e3o desejar ser contactado para outros efeitos, poder\u00e1 requerer a altera\u00e7\u00e3o ou elimina\u00e7\u00e3o dos seus dados armazenados na&nbsp;<strong>Outcrop\u00ae<\/strong>,&nbsp;<a href=\"https:\/\/outcrop.pt\/pt\/contactos\/\" target=\"_blank\" rel=\"noopener\"><span style=\"text-decoration: underline;\">contactando-nos<\/span><\/a>&nbsp;atrav\u00e9s de:<\/p>\n<p><strong>Outcrop\u00ae<\/strong><\/p>\n<p>Gil Fernando Gomes Correia;<\/p>\n<p>Rua da Moliqueira, n\u00ba10, 3515-848 Viseu;<\/p>\n<p>info@outcrop.pt<\/p>\n<p>\u00daltima atualiza\u00e7\u00e3o: 25 de Janeiro de 2023<\/p>\t\t\t\t\t\t\t\t<\/div>\n\t\t\t\t<\/div>\n\t\t\t\t\t<\/div>\n\t\t<\/div>\n\t\t\t\t\t<\/div>\n\t\t<\/section>\n\t\t\t\t<\/div>\n\t\t","protected":false},"excerpt":{"rendered":"<p>Pol\u00edtica de privacidade Na&nbsp;Outcrop\u00ae, temos uma importante responsabilidade e compromisso no que respeita \u00e0 seguran\u00e7a do nosso site e \u00e0 prote\u00e7\u00e3o dos dados dos nossos clientes e visitantes. Qualquer altera\u00e7\u00e3o a esta pol\u00edtica ser\u00e1 disponibilizada aqui, nesta declara\u00e7\u00e3o. Informa\u00e7\u00e3o recolhida Quando preenche o nosso formul\u00e1rio de contacto, recolhemos o nome, endere\u00e7o de email e a [&hellip;]<\/p>\n","protected":false},"author":1,"featured_media":0,"parent":0,"menu_order":0,"comment_status":"closed","ping_status":"closed","template":"elementor_header_footer","meta":{"footnotes":""},"class_list":["post-724","page","type-page","status-publish","hentry"],"yoast_head":"<!-- This site is optimized with the Yoast SEO plugin v25.0 - https:\/\/yoast.com\/wordpress\/plugins\/seo\/ -->\n<title>Pol\u00edtica de Privacidade - OUTCROP Geoturismo e Consultoria<\/title>\n<meta name=\"description\" content=\"A OUTCROP atrav\u00e9s da sua pol\u00edtica de privacidade procura ter o m\u00e1ximo cuidado com a seguran\u00e7a e prote\u00e7\u00e3o de dados dos nossos visitantes.\" \/>\n<meta name=\"robots\" content=\"index, follow, max-snippet:-1, max-image-preview:large, max-video-preview:-1\" \/>\n<link rel=\"canonical\" href=\"https:\/\/outcrop.pt\/pt\/politicadeprivacidade\/\" \/>\n<meta property=\"og:locale\" content=\"en_US\" \/>\n<meta property=\"og:type\" content=\"article\" \/>\n<meta property=\"og:title\" content=\"Pol\u00edtica de Privacidade - OUTCROP Geoturismo e Consultoria\" \/>\n<meta property=\"og:description\" content=\"A OUTCROP atrav\u00e9s da sua pol\u00edtica de privacidade procura ter o m\u00e1ximo cuidado com a seguran\u00e7a e prote\u00e7\u00e3o de dados dos nossos visitantes.\" \/>\n<meta property=\"og:url\" content=\"https:\/\/outcrop.pt\/pt\/politicadeprivacidade\/\" \/>\n<meta property=\"og:site_name\" content=\"OUTCROP\" \/>\n<meta property=\"article:publisher\" content=\"https:\/\/www.facebook.com\/outcrop.pt\" \/>\n<meta property=\"article:modified_time\" content=\"2023-02-07T13:43:40+00:00\" \/>\n<meta property=\"og:image\" content=\"https:\/\/outcrop.pt\/pt\/wp-content\/uploads\/2021\/02\/Outcrop_geoscience-consulting-com-logo.jpg\" \/>\n\t<meta property=\"og:image:width\" content=\"1920\" \/>\n\t<meta property=\"og:image:height\" content=\"1080\" \/>\n\t<meta property=\"og:image:type\" content=\"image\/jpeg\" \/>\n<meta name=\"twitter:card\" content=\"summary_large_image\" \/>\n<meta name=\"twitter:label1\" content=\"Est. reading time\" \/>\n\t<meta name=\"twitter:data1\" content=\"2 minutes\" \/>\n<script type=\"application\/ld+json\" class=\"yoast-schema-graph\">{\"@context\":\"https:\/\/schema.org\",\"@graph\":[{\"@type\":\"WebPage\",\"@id\":\"https:\/\/outcrop.pt\/pt\/politicadeprivacidade\/\",\"url\":\"https:\/\/outcrop.pt\/pt\/politicadeprivacidade\/\",\"name\":\"Pol\u00edtica de Privacidade - OUTCROP Geoturismo e Consultoria\",\"isPartOf\":{\"@id\":\"https:\/\/outcrop.pt\/pt\/#website\"},\"datePublished\":\"2020-11-25T16:35:03+00:00\",\"dateModified\":\"2023-02-07T13:43:40+00:00\",\"description\":\"A OUTCROP atrav\u00e9s da sua pol\u00edtica de privacidade procura ter o m\u00e1ximo cuidado com a seguran\u00e7a e prote\u00e7\u00e3o de dados dos nossos visitantes.\",\"breadcrumb\":{\"@id\":\"https:\/\/outcrop.pt\/pt\/politicadeprivacidade\/#breadcrumb\"},\"inLanguage\":\"en-US\",\"potentialAction\":[{\"@type\":\"ReadAction\",\"target\":[\"https:\/\/outcrop.pt\/pt\/politicadeprivacidade\/\"]}]},{\"@type\":\"BreadcrumbList\",\"@id\":\"https:\/\/outcrop.pt\/pt\/politicadeprivacidade\/#breadcrumb\",\"itemListElement\":[{\"@type\":\"ListItem\",\"position\":1,\"name\":\"Home\",\"item\":\"https:\/\/outcrop.pt\/pt\/\"},{\"@type\":\"ListItem\",\"position\":2,\"name\":\"Pol\u00edtica de Privacidade\"}]},{\"@type\":\"WebSite\",\"@id\":\"https:\/\/outcrop.pt\/pt\/#website\",\"url\":\"https:\/\/outcrop.pt\/pt\/\",\"name\":\"OUTCROP\",\"description\":\"Geoturismo &amp; Consultoria em Geoci\u00eancias\",\"publisher\":{\"@id\":\"https:\/\/outcrop.pt\/pt\/#organization\"},\"potentialAction\":[{\"@type\":\"SearchAction\",\"target\":{\"@type\":\"EntryPoint\",\"urlTemplate\":\"https:\/\/outcrop.pt\/pt\/?s={search_term_string}\"},\"query-input\":{\"@type\":\"PropertyValueSpecification\",\"valueRequired\":true,\"valueName\":\"search_term_string\"}}],\"inLanguage\":\"en-US\"},{\"@type\":\"Organization\",\"@id\":\"https:\/\/outcrop.pt\/pt\/#organization\",\"name\":\"OUTCROP, Geoscience Consulting & Geotourism\",\"url\":\"https:\/\/outcrop.pt\/pt\/\",\"logo\":{\"@type\":\"ImageObject\",\"inLanguage\":\"en-US\",\"@id\":\"https:\/\/outcrop.pt\/pt\/#\/schema\/logo\/image\/\",\"url\":\"https:\/\/outcrop.pt\/pt\/wp-content\/uploads\/2020\/09\/afs-02.png\",\"contentUrl\":\"https:\/\/outcrop.pt\/pt\/wp-content\/uploads\/2020\/09\/afs-02.png\",\"width\":1758,\"height\":503,\"caption\":\"OUTCROP, Geoscience Consulting & Geotourism\"},\"image\":{\"@id\":\"https:\/\/outcrop.pt\/pt\/#\/schema\/logo\/image\/\"},\"sameAs\":[\"https:\/\/www.facebook.com\/outcrop.pt\",\"https:\/\/www.instagram.com\/outcrop.pt\",\"https:\/\/www.linkedin.com\/in\/gil-correia-4471901b\/\"]}]}<\/script>\n<!-- \/ Yoast SEO plugin. -->","yoast_head_json":{"title":"Pol\u00edtica de Privacidade - OUTCROP Geoturismo e Consultoria","description":"A OUTCROP atrav\u00e9s da sua pol\u00edtica de privacidade procura ter o m\u00e1ximo cuidado com a seguran\u00e7a e prote\u00e7\u00e3o de dados dos nossos visitantes.","robots":{"index":"index","follow":"follow","max-snippet":"max-snippet:-1","max-image-preview":"max-image-preview:large","max-video-preview":"max-video-preview:-1"},"canonical":"https:\/\/outcrop.pt\/pt\/politicadeprivacidade\/","og_locale":"en_US","og_type":"article","og_title":"Pol\u00edtica de Privacidade - OUTCROP Geoturismo e Consultoria","og_description":"A OUTCROP atrav\u00e9s da sua pol\u00edtica de privacidade procura ter o m\u00e1ximo cuidado com a seguran\u00e7a e prote\u00e7\u00e3o de dados dos nossos visitantes.","og_url":"https:\/\/outcrop.pt\/pt\/politicadeprivacidade\/","og_site_name":"OUTCROP","article_publisher":"https:\/\/www.facebook.com\/outcrop.pt","article_modified_time":"2023-02-07T13:43:40+00:00","og_image":[{"width":1920,"height":1080,"url":"https:\/\/outcrop.pt\/pt\/wp-content\/uploads\/2021\/02\/Outcrop_geoscience-consulting-com-logo.jpg","type":"image\/jpeg"}],"twitter_card":"summary_large_image","twitter_misc":{"Est. reading time":"2 minutes"},"schema":{"@context":"https:\/\/schema.org","@graph":[{"@type":"WebPage","@id":"https:\/\/outcrop.pt\/pt\/politicadeprivacidade\/","url":"https:\/\/outcrop.pt\/pt\/politicadeprivacidade\/","name":"Pol\u00edtica de Privacidade - OUTCROP Geoturismo e Consultoria","isPartOf":{"@id":"https:\/\/outcrop.pt\/pt\/#website"},"datePublished":"2020-11-25T16:35:03+00:00","dateModified":"2023-02-07T13:43:40+00:00","description":"A OUTCROP atrav\u00e9s da sua pol\u00edtica de privacidade procura ter o m\u00e1ximo cuidado com a seguran\u00e7a e prote\u00e7\u00e3o de dados dos nossos visitantes.","breadcrumb":{"@id":"https:\/\/outcrop.pt\/pt\/politicadeprivacidade\/#breadcrumb"},"inLanguage":"en-US","potentialAction":[{"@type":"ReadAction","target":["https:\/\/outcrop.pt\/pt\/politicadeprivacidade\/"]}]},{"@type":"BreadcrumbList","@id":"https:\/\/outcrop.pt\/pt\/politicadeprivacidade\/#breadcrumb","itemListElement":[{"@type":"ListItem","position":1,"name":"Home","item":"https:\/\/outcrop.pt\/pt\/"},{"@type":"ListItem","position":2,"name":"Pol\u00edtica de Privacidade"}]},{"@type":"WebSite","@id":"https:\/\/outcrop.pt\/pt\/#website","url":"https:\/\/outcrop.pt\/pt\/","name":"OUTCROP","description":"Geoturismo &amp; Consultoria em Geoci\u00eancias","publisher":{"@id":"https:\/\/outcrop.pt\/pt\/#organization"},"potentialAction":[{"@type":"SearchAction","target":{"@type":"EntryPoint","urlTemplate":"https:\/\/outcrop.pt\/pt\/?s={search_term_string}"},"query-input":{"@type":"PropertyValueSpecification","valueRequired":true,"valueName":"search_term_string"}}],"inLanguage":"en-US"},{"@type":"Organization","@id":"https:\/\/outcrop.pt\/pt\/#organization","name":"OUTCROP, Geoscience Consulting & Geotourism","url":"https:\/\/outcrop.pt\/pt\/","logo":{"@type":"ImageObject","inLanguage":"en-US","@id":"https:\/\/outcrop.pt\/pt\/#\/schema\/logo\/image\/","url":"https:\/\/outcrop.pt\/pt\/wp-content\/uploads\/2020\/09\/afs-02.png","contentUrl":"https:\/\/outcrop.pt\/pt\/wp-content\/uploads\/2020\/09\/afs-02.png","width":1758,"height":503,"caption":"OUTCROP, Geoscience Consulting & Geotourism"},"image":{"@id":"https:\/\/outcrop.pt\/pt\/#\/schema\/logo\/image\/"},"sameAs":["https:\/\/www.facebook.com\/outcrop.pt","https:\/\/www.instagram.com\/outcrop.pt","https:\/\/www.linkedin.com\/in\/gil-correia-4471901b\/"]}]}},"_links":{"self":[{"href":"https:\/\/outcrop.pt\/pt\/wp-json\/wp\/v2\/pages\/724","targetHints":{"allow":["GET"]}}],"collection":[{"href":"https:\/\/outcrop.pt\/pt\/wp-json\/wp\/v2\/pages"}],"about":[{"href":"https:\/\/outcrop.pt\/pt\/wp-json\/wp\/v2\/types\/page"}],"author":[{"embeddable":true,"href":"https:\/\/outcrop.pt\/pt\/wp-json\/wp\/v2\/users\/1"}],"replies":[{"embeddable":true,"href":"https:\/\/outcrop.pt\/pt\/wp-json\/wp\/v2\/comments?post=724"}],"version-history":[{"count":70,"href":"https:\/\/outcrop.pt\/pt\/wp-json\/wp\/v2\/pages\/724\/revisions"}],"predecessor-version":[{"id":6362,"href":"https:\/\/outcrop.pt\/pt\/wp-json\/wp\/v2\/pages\/724\/revisions\/6362"}],"wp:attachment":[{"href":"https:\/\/outcrop.pt\/pt\/wp-json\/wp\/v2\/media?parent=724"}],"curies":[{"name":"wp","href":"https:\/\/api.w.org\/{rel}","templated":true}]}}