{"id":4147,"date":"2021-04-05T11:30:59","date_gmt":"2021-04-05T11:30:59","guid":{"rendered":"https:\/\/outcrop.pt\/pt\/?page_id=4147"},"modified":"2022-02-03T10:08:42","modified_gmt":"2022-02-03T10:08:42","slug":"politica-de-cookies","status":"publish","type":"page","link":"https:\/\/outcrop.pt\/pt\/politica-de-cookies\/","title":{"rendered":"Pol\u00edtica de cookies"},"content":{"rendered":"\t\t<div data-elementor-type=\"wp-page\" data-elementor-id=\"4147\" class=\"elementor elementor-4147\">\n\t\t\t\t\t\t<section class=\"elementor-section elementor-top-section elementor-element elementor-element-a147fa0 elementor-section-stretched elementor-section-boxed elementor-section-height-default elementor-section-height-default\" data-id=\"a147fa0\" data-element_type=\"section\" data-settings=\"{&quot;stretch_section&quot;:&quot;section-stretched&quot;}\">\n\t\t\t\t\t\t<div class=\"elementor-container elementor-column-gap-default\">\n\t\t\t\t\t<div class=\"elementor-column elementor-col-100 elementor-top-column elementor-element elementor-element-1179263\" data-id=\"1179263\" data-element_type=\"column\">\n\t\t\t<div class=\"elementor-widget-wrap elementor-element-populated\">\n\t\t\t\t\t\t<div class=\"elementor-element elementor-element-c087d2e elementor-widget elementor-widget-text-editor\" data-id=\"c087d2e\" data-element_type=\"widget\" data-widget_type=\"text-editor.default\">\n\t\t\t\t<div class=\"elementor-widget-container\">\n\t\t\t\t\t\t\t\t\t<p>O Portal utiliza um mecanismo denominado cookies, que s\u00e3o pequenos ficheiros de texto guardados no computador do utilizador e que permitem \u00e0 OUTCROP identificar os computadores que acedem ao Portal e quais os conte\u00fados que interessem aos respetivos utilizadores.<\/p><div>\u00a0<\/div><div>Apesar da OUTCROP n\u00e3o ceder a terceiros qualquer informa\u00e7\u00e3o individualizada, ainda que n\u00e3o identificada, o Portal guarda informa\u00e7\u00e3o estat\u00edstica agregada sobre as prefer\u00eancias dos seus visitantes.<\/div><div>\u00a0<\/div><div>Os cookies permitem ao Portal reconhecer o utilizador de um computador numa posterior visita, agindo, na nova visita, como uma continua\u00e7\u00e3o da anterior.<\/div><div>\u00a0<\/div><div>A utiliza\u00e7\u00e3o de cookies pode ser desligada no seu computador. Em alguns sistemas operativos e\/ou browsers pode ser desligada apenas para determinados sites. Consulte o manual do seu computador para efetuar esta opera\u00e7\u00e3o.<\/div><div>\u00a0<\/div><div>Se desligar a utiliza\u00e7\u00e3o de cookies, o Portal trat\u00e1-lo-\u00e1 como um novo utilizador sempre que ao mesmo aceder e n\u00e3o guardar\u00e1 qualquer informa\u00e7\u00e3o sua entre as visitas que efetuar.<\/div><div>\u00a0<\/div><div>A OUTCROP cumprindo o \u00a0<span style=\"text-decoration: underline;\"><a title=\"Regulamento (UE) 2016\/679 do Parlamento Europeu e do Conselho, de 27 de abril de 2016\" href=\"http:\/\/eur-lex.europa.eu\/eli\/reg\/2016\/679\/oj\" target=\"_blank\" rel=\"noopener\">Regulamento (UE) 2016\/679 do Parlamento Europeu e do Conselho, de 27 de abril de 2016<\/a><\/span> (Regulamento Geral sobre a Prote\u00e7\u00e3o de Dados &#8211; RGPD) observar\u00e1 as suas disposi\u00e7\u00f5es, criando os procedimentos necess\u00e1rios para compatibilizar a sua atua\u00e7\u00e3o com as exig\u00eancias do mesmo.<\/div><div>\u00a0<\/div><div>Saiba mais sobre a <a href=\"https:\/\/outcrop.pt\/pt\/politicadeprivacidade\/\"><span style=\"text-decoration: underline;\">pol\u00edtica de privacidade<\/span><\/a>.<\/div>\t\t\t\t\t\t\t\t<\/div>\n\t\t\t\t<\/div>\n\t\t\t\t\t<\/div>\n\t\t<\/div>\n\t\t\t\t\t<\/div>\n\t\t<\/section>\n\t\t\t\t<\/div>\n\t\t","protected":false},"excerpt":{"rendered":"<p>O Portal utiliza um mecanismo denominado cookies, que s\u00e3o pequenos ficheiros de texto guardados no computador do utilizador e que permitem \u00e0 OUTCROP identificar os computadores que acedem ao Portal e quais os conte\u00fados que interessem aos respetivos utilizadores. \u00a0Apesar da OUTCROP n\u00e3o ceder a terceiros qualquer informa\u00e7\u00e3o individualizada, ainda que n\u00e3o identificada, o Portal [&hellip;]<\/p>\n","protected":false},"author":1,"featured_media":0,"parent":0,"menu_order":0,"comment_status":"closed","ping_status":"closed","template":"elementor_header_footer","meta":{"footnotes":""},"class_list":["post-4147","page","type-page","status-publish","hentry"],"yoast_head":"<!-- This site is optimized with the Yoast SEO plugin v25.0 - https:\/\/yoast.com\/wordpress\/plugins\/seo\/ -->\n<title>Pol\u00edtica de cookies - OUTCROP<\/title>\n<meta name=\"description\" content=\"Pol\u00edtica de cookies da OUTCROP, cookies utilizadas e os termos da aceita\u00e7\u00e3o desses cookies. N\u00e3o s\u00e3o armazenados dados pessoais.\" \/>\n<meta name=\"robots\" content=\"index, follow, max-snippet:-1, max-image-preview:large, max-video-preview:-1\" \/>\n<link rel=\"canonical\" href=\"https:\/\/outcrop.pt\/pt\/politica-de-cookies\/\" \/>\n<meta property=\"og:locale\" content=\"en_US\" \/>\n<meta property=\"og:type\" content=\"article\" \/>\n<meta property=\"og:title\" content=\"Pol\u00edtica de cookies - OUTCROP\" \/>\n<meta property=\"og:description\" content=\"Pol\u00edtica de cookies da OUTCROP, cookies utilizadas e os termos da aceita\u00e7\u00e3o desses cookies. N\u00e3o s\u00e3o armazenados dados pessoais.\" \/>\n<meta property=\"og:url\" content=\"https:\/\/outcrop.pt\/pt\/politica-de-cookies\/\" \/>\n<meta property=\"og:site_name\" content=\"OUTCROP\" \/>\n<meta property=\"article:publisher\" content=\"https:\/\/www.facebook.com\/outcrop.pt\" \/>\n<meta property=\"article:modified_time\" content=\"2022-02-03T10:08:42+00:00\" \/>\n<meta property=\"og:image\" content=\"https:\/\/outcrop.pt\/pt\/wp-content\/uploads\/2021\/02\/Outcrop_geoscience-consulting-com-logo.jpg\" \/>\n\t<meta property=\"og:image:width\" content=\"1920\" \/>\n\t<meta property=\"og:image:height\" content=\"1080\" \/>\n\t<meta property=\"og:image:type\" content=\"image\/jpeg\" \/>\n<meta name=\"twitter:card\" content=\"summary_large_image\" \/>\n<meta name=\"twitter:label1\" content=\"Est. reading time\" \/>\n\t<meta name=\"twitter:data1\" content=\"1 minute\" \/>\n<script type=\"application\/ld+json\" class=\"yoast-schema-graph\">{\"@context\":\"https:\/\/schema.org\",\"@graph\":[{\"@type\":\"WebPage\",\"@id\":\"https:\/\/outcrop.pt\/pt\/politica-de-cookies\/\",\"url\":\"https:\/\/outcrop.pt\/pt\/politica-de-cookies\/\",\"name\":\"Pol\u00edtica de cookies - OUTCROP\",\"isPartOf\":{\"@id\":\"https:\/\/outcrop.pt\/pt\/#website\"},\"datePublished\":\"2021-04-05T11:30:59+00:00\",\"dateModified\":\"2022-02-03T10:08:42+00:00\",\"description\":\"Pol\u00edtica de cookies da OUTCROP, cookies utilizadas e os termos da aceita\u00e7\u00e3o desses cookies. N\u00e3o s\u00e3o armazenados dados pessoais.\",\"breadcrumb\":{\"@id\":\"https:\/\/outcrop.pt\/pt\/politica-de-cookies\/#breadcrumb\"},\"inLanguage\":\"en-US\",\"potentialAction\":[{\"@type\":\"ReadAction\",\"target\":[\"https:\/\/outcrop.pt\/pt\/politica-de-cookies\/\"]}]},{\"@type\":\"BreadcrumbList\",\"@id\":\"https:\/\/outcrop.pt\/pt\/politica-de-cookies\/#breadcrumb\",\"itemListElement\":[{\"@type\":\"ListItem\",\"position\":1,\"name\":\"Home\",\"item\":\"https:\/\/outcrop.pt\/pt\/\"},{\"@type\":\"ListItem\",\"position\":2,\"name\":\"Pol\u00edtica de cookies\"}]},{\"@type\":\"WebSite\",\"@id\":\"https:\/\/outcrop.pt\/pt\/#website\",\"url\":\"https:\/\/outcrop.pt\/pt\/\",\"name\":\"OUTCROP\",\"description\":\"Geoturismo &amp; Consultoria em Geoci\u00eancias\",\"publisher\":{\"@id\":\"https:\/\/outcrop.pt\/pt\/#organization\"},\"potentialAction\":[{\"@type\":\"SearchAction\",\"target\":{\"@type\":\"EntryPoint\",\"urlTemplate\":\"https:\/\/outcrop.pt\/pt\/?s={search_term_string}\"},\"query-input\":{\"@type\":\"PropertyValueSpecification\",\"valueRequired\":true,\"valueName\":\"search_term_string\"}}],\"inLanguage\":\"en-US\"},{\"@type\":\"Organization\",\"@id\":\"https:\/\/outcrop.pt\/pt\/#organization\",\"name\":\"OUTCROP, Geoscience Consulting & Geotourism\",\"url\":\"https:\/\/outcrop.pt\/pt\/\",\"logo\":{\"@type\":\"ImageObject\",\"inLanguage\":\"en-US\",\"@id\":\"https:\/\/outcrop.pt\/pt\/#\/schema\/logo\/image\/\",\"url\":\"https:\/\/outcrop.pt\/pt\/wp-content\/uploads\/2020\/09\/afs-02.png\",\"contentUrl\":\"https:\/\/outcrop.pt\/pt\/wp-content\/uploads\/2020\/09\/afs-02.png\",\"width\":1758,\"height\":503,\"caption\":\"OUTCROP, Geoscience Consulting & Geotourism\"},\"image\":{\"@id\":\"https:\/\/outcrop.pt\/pt\/#\/schema\/logo\/image\/\"},\"sameAs\":[\"https:\/\/www.facebook.com\/outcrop.pt\",\"https:\/\/www.instagram.com\/outcrop.pt\",\"https:\/\/www.linkedin.com\/in\/gil-correia-4471901b\/\"]}]}<\/script>\n<!-- \/ Yoast SEO plugin. -->","yoast_head_json":{"title":"Pol\u00edtica de cookies - OUTCROP","description":"Pol\u00edtica de cookies da OUTCROP, cookies utilizadas e os termos da aceita\u00e7\u00e3o desses cookies. N\u00e3o s\u00e3o armazenados dados pessoais.","robots":{"index":"index","follow":"follow","max-snippet":"max-snippet:-1","max-image-preview":"max-image-preview:large","max-video-preview":"max-video-preview:-1"},"canonical":"https:\/\/outcrop.pt\/pt\/politica-de-cookies\/","og_locale":"en_US","og_type":"article","og_title":"Pol\u00edtica de cookies - OUTCROP","og_description":"Pol\u00edtica de cookies da OUTCROP, cookies utilizadas e os termos da aceita\u00e7\u00e3o desses cookies. N\u00e3o s\u00e3o armazenados dados pessoais.","og_url":"https:\/\/outcrop.pt\/pt\/politica-de-cookies\/","og_site_name":"OUTCROP","article_publisher":"https:\/\/www.facebook.com\/outcrop.pt","article_modified_time":"2022-02-03T10:08:42+00:00","og_image":[{"width":1920,"height":1080,"url":"https:\/\/outcrop.pt\/pt\/wp-content\/uploads\/2021\/02\/Outcrop_geoscience-consulting-com-logo.jpg","type":"image\/jpeg"}],"twitter_card":"summary_large_image","twitter_misc":{"Est. reading time":"1 minute"},"schema":{"@context":"https:\/\/schema.org","@graph":[{"@type":"WebPage","@id":"https:\/\/outcrop.pt\/pt\/politica-de-cookies\/","url":"https:\/\/outcrop.pt\/pt\/politica-de-cookies\/","name":"Pol\u00edtica de cookies - OUTCROP","isPartOf":{"@id":"https:\/\/outcrop.pt\/pt\/#website"},"datePublished":"2021-04-05T11:30:59+00:00","dateModified":"2022-02-03T10:08:42+00:00","description":"Pol\u00edtica de cookies da OUTCROP, cookies utilizadas e os termos da aceita\u00e7\u00e3o desses cookies. N\u00e3o s\u00e3o armazenados dados pessoais.","breadcrumb":{"@id":"https:\/\/outcrop.pt\/pt\/politica-de-cookies\/#breadcrumb"},"inLanguage":"en-US","potentialAction":[{"@type":"ReadAction","target":["https:\/\/outcrop.pt\/pt\/politica-de-cookies\/"]}]},{"@type":"BreadcrumbList","@id":"https:\/\/outcrop.pt\/pt\/politica-de-cookies\/#breadcrumb","itemListElement":[{"@type":"ListItem","position":1,"name":"Home","item":"https:\/\/outcrop.pt\/pt\/"},{"@type":"ListItem","position":2,"name":"Pol\u00edtica de cookies"}]},{"@type":"WebSite","@id":"https:\/\/outcrop.pt\/pt\/#website","url":"https:\/\/outcrop.pt\/pt\/","name":"OUTCROP","description":"Geoturismo &amp; Consultoria em Geoci\u00eancias","publisher":{"@id":"https:\/\/outcrop.pt\/pt\/#organization"},"potentialAction":[{"@type":"SearchAction","target":{"@type":"EntryPoint","urlTemplate":"https:\/\/outcrop.pt\/pt\/?s={search_term_string}"},"query-input":{"@type":"PropertyValueSpecification","valueRequired":true,"valueName":"search_term_string"}}],"inLanguage":"en-US"},{"@type":"Organization","@id":"https:\/\/outcrop.pt\/pt\/#organization","name":"OUTCROP, Geoscience Consulting & Geotourism","url":"https:\/\/outcrop.pt\/pt\/","logo":{"@type":"ImageObject","inLanguage":"en-US","@id":"https:\/\/outcrop.pt\/pt\/#\/schema\/logo\/image\/","url":"https:\/\/outcrop.pt\/pt\/wp-content\/uploads\/2020\/09\/afs-02.png","contentUrl":"https:\/\/outcrop.pt\/pt\/wp-content\/uploads\/2020\/09\/afs-02.png","width":1758,"height":503,"caption":"OUTCROP, Geoscience Consulting & Geotourism"},"image":{"@id":"https:\/\/outcrop.pt\/pt\/#\/schema\/logo\/image\/"},"sameAs":["https:\/\/www.facebook.com\/outcrop.pt","https:\/\/www.instagram.com\/outcrop.pt","https:\/\/www.linkedin.com\/in\/gil-correia-4471901b\/"]}]}},"_links":{"self":[{"href":"https:\/\/outcrop.pt\/pt\/wp-json\/wp\/v2\/pages\/4147","targetHints":{"allow":["GET"]}}],"collection":[{"href":"https:\/\/outcrop.pt\/pt\/wp-json\/wp\/v2\/pages"}],"about":[{"href":"https:\/\/outcrop.pt\/pt\/wp-json\/wp\/v2\/types\/page"}],"author":[{"embeddable":true,"href":"https:\/\/outcrop.pt\/pt\/wp-json\/wp\/v2\/users\/1"}],"replies":[{"embeddable":true,"href":"https:\/\/outcrop.pt\/pt\/wp-json\/wp\/v2\/comments?post=4147"}],"version-history":[{"count":31,"href":"https:\/\/outcrop.pt\/pt\/wp-json\/wp\/v2\/pages\/4147\/revisions"}],"predecessor-version":[{"id":5730,"href":"https:\/\/outcrop.pt\/pt\/wp-json\/wp\/v2\/pages\/4147\/revisions\/5730"}],"wp:attachment":[{"href":"https:\/\/outcrop.pt\/pt\/wp-json\/wp\/v2\/media?parent=4147"}],"curies":[{"name":"wp","href":"https:\/\/api.w.org\/{rel}","templated":true}]}}