{"id":2193,"date":"2021-01-10T17:41:12","date_gmt":"2021-01-10T17:41:12","guid":{"rendered":"https:\/\/outcrop.pt\/pt\/?page_id=2193"},"modified":"2021-03-31T11:22:10","modified_gmt":"2021-03-31T11:22:10","slug":"aveiro","status":"publish","type":"page","link":"https:\/\/outcrop.pt\/pt\/galeria-fotos\/aveiro\/","title":{"rendered":"Fotos de Aveiro"},"content":{"rendered":"\t\t<div data-elementor-type=\"wp-page\" data-elementor-id=\"2193\" class=\"elementor elementor-2193\">\n\t\t\t\t\t\t<section class=\"elementor-section elementor-top-section elementor-element elementor-element-2d26b3e elementor-section-stretched elementor-section-boxed elementor-section-height-default elementor-section-height-default\" data-id=\"2d26b3e\" data-element_type=\"section\" data-settings=\"{&quot;stretch_section&quot;:&quot;section-stretched&quot;}\">\n\t\t\t\t\t\t<div class=\"elementor-container elementor-column-gap-default\">\n\t\t\t\t\t<div class=\"elementor-column elementor-col-100 elementor-top-column elementor-element elementor-element-2d71345\" data-id=\"2d71345\" data-element_type=\"column\">\n\t\t\t<div class=\"elementor-widget-wrap elementor-element-populated\">\n\t\t\t\t\t\t<div class=\"elementor-element elementor-element-26ca364 elementor-widget elementor-widget-heading\" data-id=\"26ca364\" data-element_type=\"widget\" data-widget_type=\"heading.default\">\n\t\t\t\t<div class=\"elementor-widget-container\">\n\t\t\t\t\t<h2 class=\"elementor-heading-title elementor-size-default\"><a href=\"https:\/\/outcrop.pt\/pt\/geoturismo\/geotours\/geoturismo-aveiro\/\">Geologia Urbana de Aveiro: para l\u00e1 dos moliceiros e ovos moles<\/a><\/h2>\t\t\t\t<\/div>\n\t\t\t\t<\/div>\n\t\t\t\t\t<\/div>\n\t\t<\/div>\n\t\t\t\t\t<\/div>\n\t\t<\/section>\n\t\t\t\t<section class=\"elementor-section elementor-top-section elementor-element elementor-element-6b141fa elementor-section-full_width elementor-section-stretched elementor-section-height-default elementor-section-height-default\" data-id=\"6b141fa\" data-element_type=\"section\" data-settings=\"{&quot;stretch_section&quot;:&quot;section-stretched&quot;}\">\n\t\t\t\t\t\t<div class=\"elementor-container elementor-column-gap-default\">\n\t\t\t\t\t<div class=\"elementor-column elementor-col-100 elementor-top-column elementor-element elementor-element-1352cfb\" data-id=\"1352cfb\" data-element_type=\"column\">\n\t\t\t<div class=\"elementor-widget-wrap elementor-element-populated\">\n\t\t\t\t\t\t<div class=\"elementor-element elementor-element-f94a137 elementor-shape-circle elementor-grid-0 e-grid-align-center elementor-widget elementor-widget-social-icons\" data-id=\"f94a137\" data-element_type=\"widget\" data-widget_type=\"social-icons.default\">\n\t\t\t\t<div class=\"elementor-widget-container\">\n\t\t\t\t\t\t\t<div class=\"elementor-social-icons-wrapper elementor-grid\">\n\t\t\t\t\t\t\t<span class=\"elementor-grid-item\">\n\t\t\t\t\t<a class=\"elementor-icon elementor-social-icon elementor-social-icon-facebook elementor-repeater-item-d10f9df\" href=\"https:\/\/www.facebook.com\/media\/set\/?set=a.957608857937590&#038;type=3\" target=\"_blank\">\n\t\t\t\t\t\t<span class=\"elementor-screen-only\">Facebook<\/span>\n\t\t\t\t\t\t<i class=\"fab fa-facebook\"><\/i>\t\t\t\t\t<\/a>\n\t\t\t\t<\/span>\n\t\t\t\t\t\t\t<span class=\"elementor-grid-item\">\n\t\t\t\t\t<a class=\"elementor-icon elementor-social-icon elementor-social-icon-instagram elementor-repeater-item-0ed3730\" href=\"https:\/\/www.instagram.com\/outcrop.pt\" target=\"_blank\">\n\t\t\t\t\t\t<span class=\"elementor-screen-only\">Instagram<\/span>\n\t\t\t\t\t\t<i class=\"fab fa-instagram\"><\/i>\t\t\t\t\t<\/a>\n\t\t\t\t<\/span>\n\t\t\t\t\t\t\t<span class=\"elementor-grid-item\">\n\t\t\t\t\t<a class=\"elementor-icon elementor-social-icon elementor-social-icon-airbnb elementor-repeater-item-4ec5ed3\" href=\"https:\/\/www.airbnb.pt\/experiences\/1046100?currentTab=experience_tab&#038;federatedSearchId=f656ff83-55f5-4dd1-871f-a1ce5c72e9c4&#038;searchId=&#038;sectionId=88228047-2aec-4e6a-baad-8b5d131b149d&#038;source=p2\" target=\"_blank\">\n\t\t\t\t\t\t<span class=\"elementor-screen-only\">Airbnb<\/span>\n\t\t\t\t\t\t<i class=\"fab fa-airbnb\"><\/i>\t\t\t\t\t<\/a>\n\t\t\t\t<\/span>\n\t\t\t\t\t<\/div>\n\t\t\t\t\t\t<\/div>\n\t\t\t\t<\/div>\n\t\t\t\t<div class=\"elementor-element elementor-element-6612c23 gallery-spacing-custom elementor-widget elementor-widget-image-gallery\" data-id=\"6612c23\" data-element_type=\"widget\" data-widget_type=\"image-gallery.default\">\n\t\t\t\t<div class=\"elementor-widget-container\">\n\t\t\t\t\t\t\t<div class=\"elementor-image-gallery\">\n\t\t\t<div id='gallery-1' class='gallery galleryid-2193 gallery-columns-4 gallery-size-sydney-medium-thumb'><figure class='gallery-item'>\n\t\t\t<div class='gallery-icon landscape'>\n\t\t\t\t<a data-elementor-open-lightbox=\"yes\" data-elementor-lightbox-slideshow=\"6612c23\" data-elementor-lightbox-title=\"Geology, Aveiro, Portugal_photo by Gil Outcrop\" data-e-action-hash=\"#elementor-action%3Aaction%3Dlightbox%26settings%3DeyJpZCI6MTQ0NCwidXJsIjoiaHR0cHM6XC9cL291dGNyb3AucHRcL3B0XC93cC1jb250ZW50XC91cGxvYWRzXC8yMDIwXC8xMlwvR2VvbG9neS1BdmVpcm8tUG9ydHVnYWxfcGhvdG8tYnktR2lsLU91dGNyb3AuanBnIiwic2xpZGVzaG93IjoiNjYxMmMyMyJ9\" href='https:\/\/outcrop.pt\/pt\/wp-content\/uploads\/2020\/12\/Geology-Aveiro-Portugal_photo-by-Gil-Outcrop.jpg'><img fetchpriority=\"high\" decoding=\"async\" width=\"550\" height=\"400\" src=\"https:\/\/outcrop.pt\/pt\/wp-content\/uploads\/2020\/12\/Geology-Aveiro-Portugal_photo-by-Gil-Outcrop-550x400.jpg\" class=\"attachment-sydney-medium-thumb size-sydney-medium-thumb\" alt=\"Geologia de Portugal\" aria-describedby=\"gallery-1-1444\" \/><\/a>\n\t\t\t<\/div>\n\t\t\t\t<figcaption class='wp-caption-text gallery-caption' id='gallery-1-1444'>\n\t\t\t\tGeologia de Aveiro\n\t\t\t\t<\/figcaption><\/figure><figure class='gallery-item'>\n\t\t\t<div class='gallery-icon landscape'>\n\t\t\t\t<a data-elementor-open-lightbox=\"yes\" data-elementor-lightbox-slideshow=\"6612c23\" data-elementor-lightbox-title=\"Urban Art, Aveiro, Portugal_phot by Gil Outcrop\" data-e-action-hash=\"#elementor-action%3Aaction%3Dlightbox%26settings%3DeyJpZCI6MTM5MywidXJsIjoiaHR0cHM6XC9cL291dGNyb3AucHRcL3B0XC93cC1jb250ZW50XC91cGxvYWRzXC8yMDIwXC8xMlwvVXJiYW4tQXJ0LUF2ZWlyby1Qb3J0dWdhbF9waG90LWJ5LUdpbC1PdXRjcm9wLmpwZyIsInNsaWRlc2hvdyI6IjY2MTJjMjMifQ%3D%3D\" href='https:\/\/outcrop.pt\/pt\/wp-content\/uploads\/2020\/12\/Urban-Art-Aveiro-Portugal_phot-by-Gil-Outcrop.jpg'><img decoding=\"async\" width=\"550\" height=\"400\" src=\"https:\/\/outcrop.pt\/pt\/wp-content\/uploads\/2020\/12\/Urban-Art-Aveiro-Portugal_phot-by-Gil-Outcrop-550x400.jpg\" class=\"attachment-sydney-medium-thumb size-sydney-medium-thumb\" alt=\"Geoturismo atrav\u00e9s da Arte Urbana em Aveiro\" aria-describedby=\"gallery-1-1393\" \/><\/a>\n\t\t\t<\/div>\n\t\t\t\t<figcaption class='wp-caption-text gallery-caption' id='gallery-1-1393'>\n\t\t\t\tArte Urbana de Aveiro\n\t\t\t\t<\/figcaption><\/figure><figure class='gallery-item'>\n\t\t\t<div class='gallery-icon landscape'>\n\t\t\t\t<a data-elementor-open-lightbox=\"yes\" data-elementor-lightbox-slideshow=\"6612c23\" data-elementor-lightbox-title=\"Salt Pans, Sunset, Aveiro, Portugal_photo by Gil Outcrop\" data-e-action-hash=\"#elementor-action%3Aaction%3Dlightbox%26settings%3DeyJpZCI6MTM5MiwidXJsIjoiaHR0cHM6XC9cL291dGNyb3AucHRcL3B0XC93cC1jb250ZW50XC91cGxvYWRzXC8yMDIwXC8xMlwvU2FsdC1QYW5zLVN1bnNldC1BdmVpcm8tUG9ydHVnYWxfcGhvdG8tYnktR2lsLU91dGNyb3AuanBnIiwic2xpZGVzaG93IjoiNjYxMmMyMyJ9\" href='https:\/\/outcrop.pt\/pt\/wp-content\/uploads\/2020\/12\/Salt-Pans-Sunset-Aveiro-Portugal_photo-by-Gil-Outcrop.jpg'><img decoding=\"async\" width=\"550\" height=\"400\" src=\"https:\/\/outcrop.pt\/pt\/wp-content\/uploads\/2020\/12\/Salt-Pans-Sunset-Aveiro-Portugal_photo-by-Gil-Outcrop-550x400.jpg\" class=\"attachment-sydney-medium-thumb size-sydney-medium-thumb\" alt=\"A ci\u00eancia por tr\u00e1s das paisagens de Sal de Aveiro\" aria-describedby=\"gallery-1-1392\" \/><\/a>\n\t\t\t<\/div>\n\t\t\t\t<figcaption class='wp-caption-text gallery-caption' id='gallery-1-1392'>\n\t\t\t\tMarinhas de Sal de Aveiro\n\t\t\t\t<\/figcaption><\/figure><figure class='gallery-item'>\n\t\t\t<div class='gallery-icon landscape'>\n\t\t\t\t<a data-elementor-open-lightbox=\"yes\" data-elementor-lightbox-slideshow=\"6612c23\" data-elementor-lightbox-title=\"City park, Aveiro, Portugal_photo by Gil Outcrop\" data-e-action-hash=\"#elementor-action%3Aaction%3Dlightbox%26settings%3DeyJpZCI6MTM4OSwidXJsIjoiaHR0cHM6XC9cL291dGNyb3AucHRcL3B0XC93cC1jb250ZW50XC91cGxvYWRzXC8yMDIwXC8xMlwvQ2l0eS1wYXJrLUF2ZWlyby1Qb3J0dWdhbF9waG90by1ieS1HaWwtT3V0Y3JvcC5qcGciLCJzbGlkZXNob3ciOiI2NjEyYzIzIn0%3D\" href='https:\/\/outcrop.pt\/pt\/wp-content\/uploads\/2020\/12\/City-park-Aveiro-Portugal_photo-by-Gil-Outcrop.jpg'><img loading=\"lazy\" decoding=\"async\" width=\"550\" height=\"400\" src=\"https:\/\/outcrop.pt\/pt\/wp-content\/uploads\/2020\/12\/City-park-Aveiro-Portugal_photo-by-Gil-Outcrop-550x400.jpg\" class=\"attachment-sydney-medium-thumb size-sydney-medium-thumb\" alt=\"Parques da cidade de Aveiro\" aria-describedby=\"gallery-1-1389\" \/><\/a>\n\t\t\t<\/div>\n\t\t\t\t<figcaption class='wp-caption-text gallery-caption' id='gallery-1-1389'>\n\t\t\t\tParques da Cidade de Aveiro\n\t\t\t\t<\/figcaption><\/figure><figure class='gallery-item'>\n\t\t\t<div class='gallery-icon landscape'>\n\t\t\t\t<a data-elementor-open-lightbox=\"yes\" data-elementor-lightbox-slideshow=\"6612c23\" data-elementor-lightbox-title=\"Ceramic Industry, Geotourism, Aveiro, Portugal_photo by Gil Outcrop\" data-e-action-hash=\"#elementor-action%3Aaction%3Dlightbox%26settings%3DeyJpZCI6MTM4OCwidXJsIjoiaHR0cHM6XC9cL291dGNyb3AucHRcL3B0XC93cC1jb250ZW50XC91cGxvYWRzXC8yMDIwXC8xMlwvQ2VyYW1pYy1JbmR1c3RyeS1HZW90b3VyaXNtLUF2ZWlyby1Qb3J0dWdhbF9waG90by1ieS1HaWwtT3V0Y3JvcC5qcGciLCJzbGlkZXNob3ciOiI2NjEyYzIzIn0%3D\" href='https:\/\/outcrop.pt\/pt\/wp-content\/uploads\/2020\/12\/Ceramic-Industry-Geotourism-Aveiro-Portugal_photo-by-Gil-Outcrop.jpg'><img loading=\"lazy\" decoding=\"async\" width=\"550\" height=\"400\" src=\"https:\/\/outcrop.pt\/pt\/wp-content\/uploads\/2020\/12\/Ceramic-Industry-Geotourism-Aveiro-Portugal_photo-by-Gil-Outcrop-550x400.jpg\" class=\"attachment-sydney-medium-thumb size-sydney-medium-thumb\" alt=\"Geologia e Ind\u00fastria Cer\u00e2mica em Aveiro\" aria-describedby=\"gallery-1-1388\" \/><\/a>\n\t\t\t<\/div>\n\t\t\t\t<figcaption class='wp-caption-text gallery-caption' id='gallery-1-1388'>\n\t\t\t\tInd\u00fastria Cer\u00e2mica Aveiro\n\t\t\t\t<\/figcaption><\/figure><figure class='gallery-item'>\n\t\t\t<div class='gallery-icon landscape'>\n\t\t\t\t<a data-elementor-open-lightbox=\"yes\" data-elementor-lightbox-slideshow=\"6612c23\" data-elementor-lightbox-title=\"Canais, Veneza Portuguesa, Aveiro, Portugal_photo by Gil Outcrop\" data-e-action-hash=\"#elementor-action%3Aaction%3Dlightbox%26settings%3DeyJpZCI6MTM4NywidXJsIjoiaHR0cHM6XC9cL291dGNyb3AucHRcL3B0XC93cC1jb250ZW50XC91cGxvYWRzXC8yMDIwXC8xMlwvQ2FuYWlzLVZlbmV6YS1Qb3J0dWd1ZXNhLUF2ZWlyby1Qb3J0dWdhbF9waG90by1ieS1HaWwtT3V0Y3JvcC5qcGciLCJzbGlkZXNob3ciOiI2NjEyYzIzIn0%3D\" href='https:\/\/outcrop.pt\/pt\/wp-content\/uploads\/2020\/12\/Canais-Veneza-Portuguesa-Aveiro-Portugal_photo-by-Gil-Outcrop.jpg'><img loading=\"lazy\" decoding=\"async\" width=\"550\" height=\"400\" src=\"https:\/\/outcrop.pt\/pt\/wp-content\/uploads\/2020\/12\/Canais-Veneza-Portuguesa-Aveiro-Portugal_photo-by-Gil-Outcrop-550x400.jpg\" class=\"attachment-sydney-medium-thumb size-sydney-medium-thumb\" alt=\"Canais da Veneza Portuguesa\" aria-describedby=\"gallery-1-1387\" \/><\/a>\n\t\t\t<\/div>\n\t\t\t\t<figcaption class='wp-caption-text gallery-caption' id='gallery-1-1387'>\n\t\t\t\tCanais de Aveiro\n\t\t\t\t<\/figcaption><\/figure><figure class='gallery-item'>\n\t\t\t<div class='gallery-icon landscape'>\n\t\t\t\t<a data-elementor-open-lightbox=\"yes\" data-elementor-lightbox-slideshow=\"6612c23\" data-elementor-lightbox-title=\"Cal\u00e7ada Portuguesa, Urban Geology, Aveiro, Portugal_photo by Gil Outcrop\" data-e-action-hash=\"#elementor-action%3Aaction%3Dlightbox%26settings%3DeyJpZCI6MTM4NiwidXJsIjoiaHR0cHM6XC9cL291dGNyb3AucHRcL3B0XC93cC1jb250ZW50XC91cGxvYWRzXC8yMDIwXC8xMlwvQ2FsY2FkYS1Qb3J0dWd1ZXNhLVVyYmFuLUdlb2xvZ3ktQXZlaXJvLVBvcnR1Z2FsX3Bob3RvLWJ5LUdpbC1PdXRjcm9wLmpwZyIsInNsaWRlc2hvdyI6IjY2MTJjMjMifQ%3D%3D\" href='https:\/\/outcrop.pt\/pt\/wp-content\/uploads\/2020\/12\/Calcada-Portuguesa-Urban-Geology-Aveiro-Portugal_photo-by-Gil-Outcrop.jpg'><img loading=\"lazy\" decoding=\"async\" width=\"550\" height=\"400\" src=\"https:\/\/outcrop.pt\/pt\/wp-content\/uploads\/2020\/12\/Calcada-Portuguesa-Urban-Geology-Aveiro-Portugal_photo-by-Gil-Outcrop-550x400.jpg\" class=\"attachment-sydney-medium-thumb size-sydney-medium-thumb\" alt=\"Geoturismo e Geologia Urbana de Aveiro\" aria-describedby=\"gallery-1-1386\" \/><\/a>\n\t\t\t<\/div>\n\t\t\t\t<figcaption class='wp-caption-text gallery-caption' id='gallery-1-1386'>\n\t\t\t\tSegredos da Cal\u00e7ada Portuguesa\n\t\t\t\t<\/figcaption><\/figure><figure class='gallery-item'>\n\t\t\t<div class='gallery-icon landscape'>\n\t\t\t\t<a data-elementor-open-lightbox=\"yes\" data-elementor-lightbox-slideshow=\"6612c23\" data-elementor-lightbox-title=\"Art and Geology, Geotourism, Aveiro, Portugal_photo by Gil Outcrop\" data-e-action-hash=\"#elementor-action%3Aaction%3Dlightbox%26settings%3DeyJpZCI6MTM4NCwidXJsIjoiaHR0cHM6XC9cL291dGNyb3AucHRcL3B0XC93cC1jb250ZW50XC91cGxvYWRzXC8yMDIwXC8xMlwvQXJ0LWFuZC1HZW9sb2d5LUdlb3RvdXJpc20tQXZlaXJvLVBvcnR1Z2FsX3Bob3RvLWJ5LUdpbC1PdXRjcm9wLmpwZyIsInNsaWRlc2hvdyI6IjY2MTJjMjMifQ%3D%3D\" href='https:\/\/outcrop.pt\/pt\/wp-content\/uploads\/2020\/12\/Art-and-Geology-Geotourism-Aveiro-Portugal_photo-by-Gil-Outcrop.jpg'><img loading=\"lazy\" decoding=\"async\" width=\"550\" height=\"400\" src=\"https:\/\/outcrop.pt\/pt\/wp-content\/uploads\/2020\/12\/Art-and-Geology-Geotourism-Aveiro-Portugal_photo-by-Gil-Outcrop-550x400.jpg\" class=\"attachment-sydney-medium-thumb size-sydney-medium-thumb\" alt=\"Arte e Geologia em Aveiro\" aria-describedby=\"gallery-1-1384\" \/><\/a>\n\t\t\t<\/div>\n\t\t\t\t<figcaption class='wp-caption-text gallery-caption' id='gallery-1-1384'>\n\t\t\t\tArte e Geologia\n\t\t\t\t<\/figcaption><\/figure><figure class='gallery-item'>\n\t\t\t<div class='gallery-icon landscape'>\n\t\t\t\t<a data-elementor-open-lightbox=\"yes\" data-elementor-lightbox-slideshow=\"6612c23\" data-elementor-lightbox-title=\"Urban Egrets, Aveiro, Portugal_photo by Gil Outcrop\" data-e-action-hash=\"#elementor-action%3Aaction%3Dlightbox%26settings%3DeyJpZCI6MTM5NCwidXJsIjoiaHR0cHM6XC9cL291dGNyb3AucHRcL3B0XC93cC1jb250ZW50XC91cGxvYWRzXC8yMDIwXC8xMlwvVXJiYW4tRWdyZXRzLUF2ZWlyby1Qb3J0dWdhbF9waG90by1ieS1HaWwtT3V0Y3JvcC5qcGciLCJzbGlkZXNob3ciOiI2NjEyYzIzIn0%3D\" href='https:\/\/outcrop.pt\/pt\/wp-content\/uploads\/2020\/12\/Urban-Egrets-Aveiro-Portugal_photo-by-Gil-Outcrop.jpg'><img loading=\"lazy\" decoding=\"async\" width=\"550\" height=\"400\" src=\"https:\/\/outcrop.pt\/pt\/wp-content\/uploads\/2020\/12\/Urban-Egrets-Aveiro-Portugal_photo-by-Gil-Outcrop-550x400.jpg\" class=\"attachment-sydney-medium-thumb size-sydney-medium-thumb\" alt=\"Observa\u00e7\u00e3o de Aves na cidade de Aveiro\" aria-describedby=\"gallery-1-1394\" \/><\/a>\n\t\t\t<\/div>\n\t\t\t\t<figcaption class='wp-caption-text gallery-caption' id='gallery-1-1394'>\n\t\t\t\tAves urbanas (Carraceiros)\n\t\t\t\t<\/figcaption><\/figure>\n\t\t<\/div>\n\t\t<\/div>\n\t\t\t\t\t\t<\/div>\n\t\t\t\t<\/div>\n\t\t\t\t\t<\/div>\n\t\t<\/div>\n\t\t\t\t\t<\/div>\n\t\t<\/section>\n\t\t\t\t<\/div>\n\t\t","protected":false},"excerpt":{"rendered":"<p>Geologia Urbana de Aveiro: para l\u00e1 dos moliceiros e ovos moles Facebook Instagram Airbnb Geologia de Aveiro Arte Urbana de Aveiro Marinhas de Sal de Aveiro Parques da Cidade de Aveiro Ind\u00fastria Cer\u00e2mica Aveiro Canais de Aveiro Segredos da Cal\u00e7ada Portuguesa Arte e Geologia Aves urbanas (Carraceiros)<\/p>\n","protected":false},"author":1,"featured_media":0,"parent":1727,"menu_order":0,"comment_status":"closed","ping_status":"closed","template":"elementor_header_footer","meta":{"footnotes":""},"class_list":["post-2193","page","type-page","status-publish","hentry"],"yoast_head":"<!-- This site is optimized with the Yoast SEO plugin v25.0 - https:\/\/yoast.com\/wordpress\/plugins\/seo\/ -->\n<title>Fotos da Geologia Urbana de Aveiro - OUTCROP Geoturismo.<\/title>\n<meta name=\"description\" content=\"Fotos sobre alguns aspetos da geologia urbana de aveiro visitados numa das caminhadas tem\u00e1ticas organizadas pela OUTCROP.\" \/>\n<meta name=\"robots\" content=\"index, follow, max-snippet:-1, max-image-preview:large, max-video-preview:-1\" \/>\n<link rel=\"canonical\" href=\"https:\/\/outcrop.pt\/pt\/galeria-fotos\/aveiro\/\" \/>\n<meta property=\"og:locale\" content=\"en_US\" \/>\n<meta property=\"og:type\" content=\"article\" \/>\n<meta property=\"og:title\" content=\"Fotos da Geologia Urbana de Aveiro - OUTCROP Geoturismo.\" \/>\n<meta property=\"og:description\" content=\"Fotos sobre alguns aspetos da geologia urbana de aveiro visitados numa das caminhadas tem\u00e1ticas organizadas pela OUTCROP.\" \/>\n<meta property=\"og:url\" content=\"https:\/\/outcrop.pt\/pt\/galeria-fotos\/aveiro\/\" \/>\n<meta property=\"og:site_name\" content=\"OUTCROP\" \/>\n<meta property=\"article:publisher\" content=\"https:\/\/www.facebook.com\/outcrop.pt\" \/>\n<meta property=\"article:modified_time\" content=\"2021-03-31T11:22:10+00:00\" \/>\n<meta property=\"og:image\" content=\"https:\/\/outcrop.pt\/pt\/wp-content\/uploads\/2020\/12\/Geology-Aveiro-Portugal_photo-by-Gil-Outcrop-550x400.jpg\" \/>\n<meta name=\"twitter:card\" content=\"summary_large_image\" \/>\n<meta name=\"twitter:label1\" content=\"Est. reading time\" \/>\n\t<meta name=\"twitter:data1\" content=\"3 minutes\" \/>\n<script type=\"application\/ld+json\" class=\"yoast-schema-graph\">{\"@context\":\"https:\/\/schema.org\",\"@graph\":[{\"@type\":\"WebPage\",\"@id\":\"https:\/\/outcrop.pt\/pt\/galeria-fotos\/aveiro\/\",\"url\":\"https:\/\/outcrop.pt\/pt\/galeria-fotos\/aveiro\/\",\"name\":\"Fotos da Geologia Urbana de Aveiro - OUTCROP Geoturismo.\",\"isPartOf\":{\"@id\":\"https:\/\/outcrop.pt\/pt\/#website\"},\"primaryImageOfPage\":{\"@id\":\"https:\/\/outcrop.pt\/pt\/galeria-fotos\/aveiro\/#primaryimage\"},\"image\":{\"@id\":\"https:\/\/outcrop.pt\/pt\/galeria-fotos\/aveiro\/#primaryimage\"},\"thumbnailUrl\":\"https:\/\/outcrop.pt\/pt\/wp-content\/uploads\/2020\/12\/Geology-Aveiro-Portugal_photo-by-Gil-Outcrop-550x400.jpg\",\"datePublished\":\"2021-01-10T17:41:12+00:00\",\"dateModified\":\"2021-03-31T11:22:10+00:00\",\"description\":\"Fotos sobre alguns aspetos da geologia urbana de aveiro visitados numa das caminhadas tem\u00e1ticas organizadas pela OUTCROP.\",\"breadcrumb\":{\"@id\":\"https:\/\/outcrop.pt\/pt\/galeria-fotos\/aveiro\/#breadcrumb\"},\"inLanguage\":\"en-US\",\"potentialAction\":[{\"@type\":\"ReadAction\",\"target\":[\"https:\/\/outcrop.pt\/pt\/galeria-fotos\/aveiro\/\"]}]},{\"@type\":\"ImageObject\",\"inLanguage\":\"en-US\",\"@id\":\"https:\/\/outcrop.pt\/pt\/galeria-fotos\/aveiro\/#primaryimage\",\"url\":\"https:\/\/outcrop.pt\/pt\/wp-content\/uploads\/2020\/12\/Geology-Aveiro-Portugal_photo-by-Gil-Outcrop.jpg\",\"contentUrl\":\"https:\/\/outcrop.pt\/pt\/wp-content\/uploads\/2020\/12\/Geology-Aveiro-Portugal_photo-by-Gil-Outcrop.jpg\",\"width\":1268,\"height\":951,\"caption\":\"Geologia de Aveiro\"},{\"@type\":\"BreadcrumbList\",\"@id\":\"https:\/\/outcrop.pt\/pt\/galeria-fotos\/aveiro\/#breadcrumb\",\"itemListElement\":[{\"@type\":\"ListItem\",\"position\":1,\"name\":\"Home\",\"item\":\"https:\/\/outcrop.pt\/pt\/\"},{\"@type\":\"ListItem\",\"position\":2,\"name\":\"Galeria de Fotos\",\"item\":\"https:\/\/outcrop.pt\/pt\/galeria-fotos\/\"},{\"@type\":\"ListItem\",\"position\":3,\"name\":\"Fotos de Aveiro\"}]},{\"@type\":\"WebSite\",\"@id\":\"https:\/\/outcrop.pt\/pt\/#website\",\"url\":\"https:\/\/outcrop.pt\/pt\/\",\"name\":\"OUTCROP\",\"description\":\"Geoturismo &amp; Consultoria em Geoci\u00eancias\",\"publisher\":{\"@id\":\"https:\/\/outcrop.pt\/pt\/#organization\"},\"potentialAction\":[{\"@type\":\"SearchAction\",\"target\":{\"@type\":\"EntryPoint\",\"urlTemplate\":\"https:\/\/outcrop.pt\/pt\/?s={search_term_string}\"},\"query-input\":{\"@type\":\"PropertyValueSpecification\",\"valueRequired\":true,\"valueName\":\"search_term_string\"}}],\"inLanguage\":\"en-US\"},{\"@type\":\"Organization\",\"@id\":\"https:\/\/outcrop.pt\/pt\/#organization\",\"name\":\"OUTCROP, Geoscience Consulting & Geotourism\",\"url\":\"https:\/\/outcrop.pt\/pt\/\",\"logo\":{\"@type\":\"ImageObject\",\"inLanguage\":\"en-US\",\"@id\":\"https:\/\/outcrop.pt\/pt\/#\/schema\/logo\/image\/\",\"url\":\"https:\/\/outcrop.pt\/pt\/wp-content\/uploads\/2020\/09\/afs-02.png\",\"contentUrl\":\"https:\/\/outcrop.pt\/pt\/wp-content\/uploads\/2020\/09\/afs-02.png\",\"width\":1758,\"height\":503,\"caption\":\"OUTCROP, Geoscience Consulting & Geotourism\"},\"image\":{\"@id\":\"https:\/\/outcrop.pt\/pt\/#\/schema\/logo\/image\/\"},\"sameAs\":[\"https:\/\/www.facebook.com\/outcrop.pt\",\"https:\/\/www.instagram.com\/outcrop.pt\",\"https:\/\/www.linkedin.com\/in\/gil-correia-4471901b\/\"]}]}<\/script>\n<!-- \/ Yoast SEO plugin. -->","yoast_head_json":{"title":"Fotos da Geologia Urbana de Aveiro - OUTCROP Geoturismo.","description":"Fotos sobre alguns aspetos da geologia urbana de aveiro visitados numa das caminhadas tem\u00e1ticas organizadas pela OUTCROP.","robots":{"index":"index","follow":"follow","max-snippet":"max-snippet:-1","max-image-preview":"max-image-preview:large","max-video-preview":"max-video-preview:-1"},"canonical":"https:\/\/outcrop.pt\/pt\/galeria-fotos\/aveiro\/","og_locale":"en_US","og_type":"article","og_title":"Fotos da Geologia Urbana de Aveiro - OUTCROP Geoturismo.","og_description":"Fotos sobre alguns aspetos da geologia urbana de aveiro visitados numa das caminhadas tem\u00e1ticas organizadas pela OUTCROP.","og_url":"https:\/\/outcrop.pt\/pt\/galeria-fotos\/aveiro\/","og_site_name":"OUTCROP","article_publisher":"https:\/\/www.facebook.com\/outcrop.pt","article_modified_time":"2021-03-31T11:22:10+00:00","og_image":[{"url":"https:\/\/outcrop.pt\/pt\/wp-content\/uploads\/2020\/12\/Geology-Aveiro-Portugal_photo-by-Gil-Outcrop-550x400.jpg","type":"","width":"","height":""}],"twitter_card":"summary_large_image","twitter_misc":{"Est. reading time":"3 minutes"},"schema":{"@context":"https:\/\/schema.org","@graph":[{"@type":"WebPage","@id":"https:\/\/outcrop.pt\/pt\/galeria-fotos\/aveiro\/","url":"https:\/\/outcrop.pt\/pt\/galeria-fotos\/aveiro\/","name":"Fotos da Geologia Urbana de Aveiro - OUTCROP Geoturismo.","isPartOf":{"@id":"https:\/\/outcrop.pt\/pt\/#website"},"primaryImageOfPage":{"@id":"https:\/\/outcrop.pt\/pt\/galeria-fotos\/aveiro\/#primaryimage"},"image":{"@id":"https:\/\/outcrop.pt\/pt\/galeria-fotos\/aveiro\/#primaryimage"},"thumbnailUrl":"https:\/\/outcrop.pt\/pt\/wp-content\/uploads\/2020\/12\/Geology-Aveiro-Portugal_photo-by-Gil-Outcrop-550x400.jpg","datePublished":"2021-01-10T17:41:12+00:00","dateModified":"2021-03-31T11:22:10+00:00","description":"Fotos sobre alguns aspetos da geologia urbana de aveiro visitados numa das caminhadas tem\u00e1ticas organizadas pela OUTCROP.","breadcrumb":{"@id":"https:\/\/outcrop.pt\/pt\/galeria-fotos\/aveiro\/#breadcrumb"},"inLanguage":"en-US","potentialAction":[{"@type":"ReadAction","target":["https:\/\/outcrop.pt\/pt\/galeria-fotos\/aveiro\/"]}]},{"@type":"ImageObject","inLanguage":"en-US","@id":"https:\/\/outcrop.pt\/pt\/galeria-fotos\/aveiro\/#primaryimage","url":"https:\/\/outcrop.pt\/pt\/wp-content\/uploads\/2020\/12\/Geology-Aveiro-Portugal_photo-by-Gil-Outcrop.jpg","contentUrl":"https:\/\/outcrop.pt\/pt\/wp-content\/uploads\/2020\/12\/Geology-Aveiro-Portugal_photo-by-Gil-Outcrop.jpg","width":1268,"height":951,"caption":"Geologia de Aveiro"},{"@type":"BreadcrumbList","@id":"https:\/\/outcrop.pt\/pt\/galeria-fotos\/aveiro\/#breadcrumb","itemListElement":[{"@type":"ListItem","position":1,"name":"Home","item":"https:\/\/outcrop.pt\/pt\/"},{"@type":"ListItem","position":2,"name":"Galeria de Fotos","item":"https:\/\/outcrop.pt\/pt\/galeria-fotos\/"},{"@type":"ListItem","position":3,"name":"Fotos de Aveiro"}]},{"@type":"WebSite","@id":"https:\/\/outcrop.pt\/pt\/#website","url":"https:\/\/outcrop.pt\/pt\/","name":"OUTCROP","description":"Geoturismo &amp; Consultoria em Geoci\u00eancias","publisher":{"@id":"https:\/\/outcrop.pt\/pt\/#organization"},"potentialAction":[{"@type":"SearchAction","target":{"@type":"EntryPoint","urlTemplate":"https:\/\/outcrop.pt\/pt\/?s={search_term_string}"},"query-input":{"@type":"PropertyValueSpecification","valueRequired":true,"valueName":"search_term_string"}}],"inLanguage":"en-US"},{"@type":"Organization","@id":"https:\/\/outcrop.pt\/pt\/#organization","name":"OUTCROP, Geoscience Consulting & Geotourism","url":"https:\/\/outcrop.pt\/pt\/","logo":{"@type":"ImageObject","inLanguage":"en-US","@id":"https:\/\/outcrop.pt\/pt\/#\/schema\/logo\/image\/","url":"https:\/\/outcrop.pt\/pt\/wp-content\/uploads\/2020\/09\/afs-02.png","contentUrl":"https:\/\/outcrop.pt\/pt\/wp-content\/uploads\/2020\/09\/afs-02.png","width":1758,"height":503,"caption":"OUTCROP, Geoscience Consulting & Geotourism"},"image":{"@id":"https:\/\/outcrop.pt\/pt\/#\/schema\/logo\/image\/"},"sameAs":["https:\/\/www.facebook.com\/outcrop.pt","https:\/\/www.instagram.com\/outcrop.pt","https:\/\/www.linkedin.com\/in\/gil-correia-4471901b\/"]}]}},"_links":{"self":[{"href":"https:\/\/outcrop.pt\/pt\/wp-json\/wp\/v2\/pages\/2193","targetHints":{"allow":["GET"]}}],"collection":[{"href":"https:\/\/outcrop.pt\/pt\/wp-json\/wp\/v2\/pages"}],"about":[{"href":"https:\/\/outcrop.pt\/pt\/wp-json\/wp\/v2\/types\/page"}],"author":[{"embeddable":true,"href":"https:\/\/outcrop.pt\/pt\/wp-json\/wp\/v2\/users\/1"}],"replies":[{"embeddable":true,"href":"https:\/\/outcrop.pt\/pt\/wp-json\/wp\/v2\/comments?post=2193"}],"version-history":[{"count":52,"href":"https:\/\/outcrop.pt\/pt\/wp-json\/wp\/v2\/pages\/2193\/revisions"}],"predecessor-version":[{"id":3443,"href":"https:\/\/outcrop.pt\/pt\/wp-json\/wp\/v2\/pages\/2193\/revisions\/3443"}],"up":[{"embeddable":true,"href":"https:\/\/outcrop.pt\/pt\/wp-json\/wp\/v2\/pages\/1727"}],"wp:attachment":[{"href":"https:\/\/outcrop.pt\/pt\/wp-json\/wp\/v2\/media?parent=2193"}],"curies":[{"name":"wp","href":"https:\/\/api.w.org\/{rel}","templated":true}]}}